{"id":518,"date":"2024-02-21T20:49:44","date_gmt":"2024-02-21T20:49:44","guid":{"rendered":"https:\/\/www.hsosaglik.com.tr\/sistemisitmecihazlari\/?page_id=518"},"modified":"2024-03-05T19:57:19","modified_gmt":"2024-03-05T19:57:19","slug":"duracell","status":"publish","type":"page","link":"https:\/\/www.hsosaglik.com.tr\/sistemisitmecihazlari\/duracell\/","title":{"rendered":"Duracell Pilleri"},"content":{"rendered":"\t\t<div data-elementor-type=\"wp-page\" data-elementor-id=\"518\" class=\"elementor elementor-518\">\n\t\t\t\t<div class=\"elementor-element elementor-element-5a75130 e-flex e-con-boxed wpr-particle-no wpr-jarallax-no wpr-parallax-no wpr-sticky-section-no e-con e-parent\" data-id=\"5a75130\" data-element_type=\"container\" data-settings=\"{&quot;content_width&quot;:&quot;boxed&quot;}\" data-core-v316-plus=\"true\">\n\t\t\t\t\t<div class=\"e-con-inner\">\n\t\t\t\t<div class=\"elementor-element elementor-element-fa4a0b0 elementor-widget elementor-widget-heading\" data-id=\"fa4a0b0\" data-element_type=\"widget\" data-widget_type=\"heading.default\">\n\t\t\t\t<div class=\"elementor-widget-container\">\n\t\t\t<style>\/*! elementor - v3.19.0 - 28-02-2024 *\/\n.elementor-heading-title{padding:0;margin:0;line-height:1}.elementor-widget-heading .elementor-heading-title[class*=elementor-size-]>a{color:inherit;font-size:inherit;line-height:inherit}.elementor-widget-heading .elementor-heading-title.elementor-size-small{font-size:15px}.elementor-widget-heading .elementor-heading-title.elementor-size-medium{font-size:19px}.elementor-widget-heading .elementor-heading-title.elementor-size-large{font-size:29px}.elementor-widget-heading .elementor-heading-title.elementor-size-xl{font-size:39px}.elementor-widget-heading .elementor-heading-title.elementor-size-xxl{font-size:59px}<\/style><h2 class=\"elementor-heading-title elementor-size-default\">Duracell \u0130\u015fitme Cihaz\u0131 Pilleri<\/h2>\t\t<\/div>\n\t\t\t\t<\/div>\n\t\t\t\t\t<\/div>\n\t\t\t\t<\/div>\n\t\t<div class=\"elementor-element elementor-element-2534d85 e-flex e-con-boxed wpr-particle-no wpr-jarallax-no wpr-parallax-no wpr-sticky-section-no e-con e-parent\" data-id=\"2534d85\" data-element_type=\"container\" data-settings=\"{&quot;content_width&quot;:&quot;boxed&quot;}\" data-core-v316-plus=\"true\">\n\t\t\t\t\t<div class=\"e-con-inner\">\n\t\t<div class=\"elementor-element elementor-element-dbabf42 e-con-full e-flex wpr-particle-no wpr-jarallax-no wpr-parallax-no wpr-sticky-section-no e-con e-child\" data-id=\"dbabf42\" data-element_type=\"container\" data-settings=\"{&quot;content_width&quot;:&quot;full&quot;}\">\n\t\t\t\t<div class=\"elementor-element elementor-element-55176ed elementor-widget elementor-widget-image\" data-id=\"55176ed\" data-element_type=\"widget\" data-widget_type=\"image.default\">\n\t\t\t\t<div class=\"elementor-widget-container\">\n\t\t\t<style>\/*! elementor - v3.19.0 - 28-02-2024 *\/\n.elementor-widget-image{text-align:center}.elementor-widget-image a{display:inline-block}.elementor-widget-image a img[src$=\".svg\"]{width:48px}.elementor-widget-image img{vertical-align:middle;display:inline-block}<\/style>\t\t\t\t\t\t\t\t\t\t<img fetchpriority=\"high\" decoding=\"async\" width=\"1024\" height=\"508\" src=\"https:\/\/www.hsosaglik.com.tr\/sistemisitmecihazlari\/wp-content\/uploads\/2024\/02\/Duracel-set-1024x508.png\" class=\"attachment-large size-large wp-image-546\" alt=\"\" \/>\t\t\t\t\t\t\t\t\t\t\t\t\t<\/div>\n\t\t\t\t<\/div>\n\t\t\t\t<\/div>\n\t\t<div class=\"elementor-element elementor-element-7aba17d e-con-full e-flex wpr-particle-no wpr-jarallax-no wpr-parallax-no wpr-sticky-section-no e-con e-child\" data-id=\"7aba17d\" data-element_type=\"container\" data-settings=\"{&quot;content_width&quot;:&quot;full&quot;}\">\n\t\t\t\t<div class=\"elementor-element elementor-element-ebb4ca0 elementor-widget elementor-widget-text-editor\" data-id=\"ebb4ca0\" data-element_type=\"widget\" data-widget_type=\"text-editor.default\">\n\t\t\t\t<div class=\"elementor-widget-container\">\n\t\t\t<style>\/*! elementor - v3.19.0 - 28-02-2024 *\/\n.elementor-widget-text-editor.elementor-drop-cap-view-stacked .elementor-drop-cap{background-color:#69727d;color:#fff}.elementor-widget-text-editor.elementor-drop-cap-view-framed .elementor-drop-cap{color:#69727d;border:3px solid;background-color:transparent}.elementor-widget-text-editor:not(.elementor-drop-cap-view-default) .elementor-drop-cap{margin-top:8px}.elementor-widget-text-editor:not(.elementor-drop-cap-view-default) .elementor-drop-cap-letter{width:1em;height:1em}.elementor-widget-text-editor .elementor-drop-cap{float:left;text-align:center;line-height:1;font-size:50px}.elementor-widget-text-editor .elementor-drop-cap-letter{display:inline-block}<\/style>\t\t\t\t<ul><li><span style=\"font-family: var(--global-body-font-family);\">10, 13, 312 ve 675 numaralarda piller bulunmaktad\u0131r.<\/span><\/li><li>Tek kullan\u0131ml\u0131k d\u00fc\u011fme tipi pildir.<\/li><li>\u00c7inko-Hava pil i\u00e7eri\u011fine sahiptir.<\/li><li><span style=\"font-family: var(--global-body-font-family);\">Ak\u0131ll\u0131 ambalaja sahiptir.<\/span><\/li><li>Kolay kullan\u0131m amac\u0131yla ekstra uzun kulak\u00e7\u0131k yap\u0131s\u0131na sahiptir.<\/li><li>\u00c7evrecidir. Kesinlikle Civa i\u00e7ermez.<\/li><li>Uzun \u00f6m\u00fcrl\u00fcd\u00fcr.<\/li><li>Almanya&#8217;da \u00fcretilmektedir.<\/li><li>1,45 V de\u011ferine sahiptir.<\/li><li>Normal oda s\u0131cakl\u0131\u011f\u0131nda saklanmal\u0131d\u0131r.<\/li><\/ul>\t\t\t\t\t\t<\/div>\n\t\t\t\t<\/div>\n\t\t\t\t<\/div>\n\t\t<div class=\"elementor-element elementor-element-cb075af e-con-full e-flex wpr-particle-no wpr-jarallax-no wpr-parallax-no wpr-sticky-section-no e-con e-child\" data-id=\"cb075af\" data-element_type=\"container\" data-settings=\"{&quot;content_width&quot;:&quot;full&quot;}\">\n\t\t\t\t<div class=\"elementor-element elementor-element-91921ae elementor-widget elementor-widget-text-editor\" data-id=\"91921ae\" data-element_type=\"widget\" data-widget_type=\"text-editor.default\">\n\t\t\t\t<div class=\"elementor-widget-container\">\n\t\t\t\t\t\t\t<h1 style=\"font-size: 20px; font-family: 'Titillium Web', sans-serif; line-height: inherit; background-image: none; background-position: initial; background-size: initial; background-repeat: initial; background-attachment: initial; background-origin: initial; background-clip: initial; border: 0px; outline: none; font-variant-numeric: inherit; font-variant-east-asian: inherit; font-variant-alternates: inherit; font-variant-position: inherit; font-stretch: inherit; font-optical-sizing: inherit; font-kerning: inherit; font-feature-settings: inherit; font-variation-settings: inherit; color: #000000 !important;\">Pil Kullan\u0131m\u0131 Hakk\u0131nda<\/h1><div><ul><li>Duracell Acitivair marka 10 numara, 13 numara, 312 numara, 675 numara \u0130\u015fitme Cihaz\u0131 Pili, Duyma Cihaz\u0131 Pili, Kulak Pili, Kulakl\u0131k Pili, Kulak Duyma Cihaz\u0131 Pili ile ilgili pil kullanan t\u00fcm Marka i\u015fitme veya Kulak cihazlar\u0131 ile uyumludur.<\/li><li>Pil al\u0131r iken 4 farkl\u0131 pil numaras\u0131 mevcut oldu\u011funu (<span style=\"background-color: transparent;\">10 numara, 13 numara, 312 numara ve 675 numara) hat\u0131rlanman\u0131z ve\u00a0<\/span><span style=\"background-color: transparent;\">kullanm\u0131\u015f oldu\u011funuz cihaz\u0131n ka\u00e7 numara pil kulland\u0131\u011f\u0131ndan emin olman\u0131z en \u00f6nemli noktad\u0131r.\u00a0<\/span><\/li><li>Yeni tarihli pil kulland\u0131\u011f\u0131n\u0131zdan emin olunuz.\u00a0<\/li><li>Saat pilleri gibi farkl\u0131 \u00f6zelliklerdeki pil tipleri ile deneme yap\u0131lmas\u0131 cihaz\u0131n\u0131z\u0131n bozulmas\u0131na neden olur.<\/li><li>\u0130\u015fitme cihaz\u0131 pilleri \u00f6zel yap\u0131s\u0131 nedeniyle pildeki \u00e7inko hava reaksiyonuna (Zinc-air) girerek \u00e7al\u0131\u015fmaya ba\u015flamaktad\u0131r. Bu nedenle pilinizi kullanmaya ba\u015flayana kadar\u00a0 pillerde pilin \u00fczerinde bulunan minik etiketi \u00e7\u0131karmay\u0131n\u0131z.<\/li><li>L\u00fctfen pilinizi kullanmaya ba\u015flamadan \u00f6nce \u00fczerindeki mini etiketi \u00e7\u0131kararak etiketi \u00e7\u0131kar\u0131lm\u0131\u015f pilin\u00a0kullan\u0131m verimlili\u011fi a\u00e7\u0131s\u0131ndan en az 2 dakika hava ile temas etmesini sa\u011flay\u0131n\u0131z.<\/li><li>Gece yatma esnas\u0131nda cihaz\u0131n\u0131z\u0131n pil kapa\u011f\u0131n\u0131 a\u00e7\u0131n\u0131z. Bu durum hem cihaz\u0131n\u0131z\u0131n \u00f6mr\u00fcn\u00fcn uzamas\u0131na hem de pilinizi daha uzun s\u00fcre kullanman\u0131z\u0131 sa\u011flar.<\/li><\/ul><div><h1 style=\"font-size: 20px; margin-bottom: 0.5em; font-family: 'Titillium Web', sans-serif; line-height: inherit; background-image: none; background-position: initial; background-size: initial; background-repeat: initial; background-attachment: initial; background-origin: initial; background-clip: initial; border: 0px; outline: none; font-variant-numeric: inherit; font-variant-east-asian: inherit; font-variant-alternates: inherit; font-variant-position: inherit; font-stretch: inherit; font-optical-sizing: inherit; font-kerning: inherit; font-feature-settings: inherit; font-variation-settings: inherit; color: #000000 !important;\">Dikkat!!<\/h1><\/div><ul><li><span style=\"background-color: transparent;\">L\u00fctfen pilleri \u00e7ocuklar\u0131n ula\u015famayaca\u011f\u0131 yerlerde muhafaza ediniz.<\/span><\/li><li><span style=\"background-color: transparent;\">Yedek pillerinizi oda s\u0131cakl\u0131\u011f\u0131nda muhafaza ediniz.\u00a0<br \/><\/span><\/li><li><span style=\"background-color: transparent;\">Do\u011fam\u0131z\u0131 korumak i\u00e7in bo\u015f pilleri normal \u00e7\u00f6pe atmay\u0131n\u0131z. At\u0131k pil toplama kutular\u0131na atabilir ya da bitmi\u015f pillerinizi firmam\u0131za teslim edebilirsiniz.<\/span><\/li><\/ul><div>\u00a0<\/div><div>Kulland\u0131\u011f\u0131n\u0131z pilin bo\u015f ya da dolu oldu\u011funu anlamak i\u00e7in firmam\u0131zdan linkinde bulunan &#8220;<b>\u0130\u015fitme Cihaz\u0131 Pil \u00d6l\u00e7e<\/b>r&#8221; alman\u0131z\u0131 tavsiye ederiz.<\/div><div>\u00a0<\/div><div>\u0130\u015fitme cihaz\u0131nda pil de\u011fi\u015ftirmesi a\u00e7\u0131s\u0131ndan size yard\u0131mc\u0131 olmas\u0131 i\u00e7in firmam\u0131zdan linkinde bulunan &#8220;<b>M\u0131knat\u0131sl\u0131 \u0130\u015fitme Cihaz\u0131 Temizleme F\u0131r\u00e7as<\/b>\u0131&#8221; alman\u0131z\u0131 tavsiye ederiz.<\/div><div>\u00a0<\/div><div>\u0130\u015fitme cihaz\u0131 pillerinin tak\u0131lmas\u0131 ile ilgili sorun ya\u015f\u0131yorsan\u0131z firmam\u0131z\u0131 u\u011fray\u0131n yard\u0131mc\u0131 olmaktan memnuniyet duyar\u0131z.<span style=\"background-color: transparent;\">\u00a0<\/span><\/div><\/div>\t\t\t\t\t\t<\/div>\n\t\t\t\t<\/div>\n\t\t\t\t<\/div>\n\t\t\t\t\t<\/div>\n\t\t\t\t<\/div>\n\t\t\t\t<\/div>\n\t\t","protected":false},"excerpt":{"rendered":"<p>Duracell \u0130\u015fitme Cihaz\u0131 Pilleri 10, 13, 312 ve 675 numaralarda piller bulunmaktad\u0131r. Tek kullan\u0131ml\u0131k d\u00fc\u011fme tipi pildir. \u00c7inko-Hava pil i\u00e7eri\u011fine sahiptir. Ak\u0131ll\u0131 ambalaja sahiptir. Kolay kullan\u0131m amac\u0131yla ekstra uzun kulak\u00e7\u0131k yap\u0131s\u0131na sahiptir. \u00c7evrecidir. Kesinlikle Civa i\u00e7ermez. Uzun \u00f6m\u00fcrl\u00fcd\u00fcr. Almanya&#8217;da \u00fcretilmektedir. 1,45 V de\u011ferine sahiptir. Normal oda s\u0131cakl\u0131\u011f\u0131nda saklanmal\u0131d\u0131r. Pil Kullan\u0131m\u0131 Hakk\u0131nda Duracell Acitivair marka 10&#8230;<\/p>\n","protected":false},"author":1,"featured_media":0,"parent":0,"menu_order":0,"comment_status":"closed","ping_status":"closed","template":"","meta":{"_kadence_starter_templates_imported_post":false,"_kad_post_transparent":"","_kad_post_title":"hide","_kad_post_layout":"fullwidth","_kad_post_sidebar_id":"","_kad_post_content_style":"unboxed","_kad_post_vertical_padding":"hide","_kad_post_feature":"hide","_kad_post_feature_position":"","_kad_post_header":false,"_kad_post_footer":false,"footnotes":""},"class_list":["post-518","page","type-page","status-publish","hentry"],"rttpg_featured_image_url":null,"rttpg_author":{"display_name":"yetkili","author_link":"https:\/\/www.hsosaglik.com.tr\/sistemisitmecihazlari\/author\/yetkili\/"},"rttpg_comment":0,"rttpg_category":null,"rttpg_excerpt":"Duracell \u0130\u015fitme Cihaz\u0131 Pilleri 10, 13, 312 ve 675 numaralarda piller bulunmaktad\u0131r. Tek kullan\u0131ml\u0131k d\u00fc\u011fme tipi pildir. \u00c7inko-Hava pil i\u00e7eri\u011fine sahiptir. Ak\u0131ll\u0131 ambalaja sahiptir. Kolay kullan\u0131m amac\u0131yla ekstra uzun kulak\u00e7\u0131k yap\u0131s\u0131na sahiptir. \u00c7evrecidir. Kesinlikle Civa i\u00e7ermez. Uzun \u00f6m\u00fcrl\u00fcd\u00fcr. Almanya&#8217;da \u00fcretilmektedir. 1,45 V de\u011ferine sahiptir. Normal oda s\u0131cakl\u0131\u011f\u0131nda saklanmal\u0131d\u0131r. Pil Kullan\u0131m\u0131 Hakk\u0131nda Duracell Acitivair marka 10...","_links":{"self":[{"href":"https:\/\/www.hsosaglik.com.tr\/sistemisitmecihazlari\/wp-json\/wp\/v2\/pages\/518","targetHints":{"allow":["GET"]}}],"collection":[{"href":"https:\/\/www.hsosaglik.com.tr\/sistemisitmecihazlari\/wp-json\/wp\/v2\/pages"}],"about":[{"href":"https:\/\/www.hsosaglik.com.tr\/sistemisitmecihazlari\/wp-json\/wp\/v2\/types\/page"}],"author":[{"embeddable":true,"href":"https:\/\/www.hsosaglik.com.tr\/sistemisitmecihazlari\/wp-json\/wp\/v2\/users\/1"}],"replies":[{"embeddable":true,"href":"https:\/\/www.hsosaglik.com.tr\/sistemisitmecihazlari\/wp-json\/wp\/v2\/comments?post=518"}],"version-history":[{"count":38,"href":"https:\/\/www.hsosaglik.com.tr\/sistemisitmecihazlari\/wp-json\/wp\/v2\/pages\/518\/revisions"}],"predecessor-version":[{"id":922,"href":"https:\/\/www.hsosaglik.com.tr\/sistemisitmecihazlari\/wp-json\/wp\/v2\/pages\/518\/revisions\/922"}],"wp:attachment":[{"href":"https:\/\/www.hsosaglik.com.tr\/sistemisitmecihazlari\/wp-json\/wp\/v2\/media?parent=518"}],"curies":[{"name":"wp","href":"https:\/\/api.w.org\/{rel}","templated":true}]}}