{"id":89,"date":"2024-02-16T18:01:30","date_gmt":"2024-02-16T18:01:30","guid":{"rendered":"https:\/\/www.hsosaglik.com.tr\/sistemisitmecihazlari\/?page_id=89"},"modified":"2024-03-04T19:18:26","modified_gmt":"2024-03-04T19:18:26","slug":"hakkimizda","status":"publish","type":"page","link":"http:\/\/www.hsosaglik.com.tr\/sistemisitmecihazlari\/hakkimizda\/","title":{"rendered":"Hakk\u0131m\u0131zda"},"content":{"rendered":"\t\t<div data-elementor-type=\"wp-page\" data-elementor-id=\"89\" class=\"elementor elementor-89\">\n\t\t\t\t<div class=\"elementor-element elementor-element-99a0be3 e-flex e-con-boxed wpr-particle-no wpr-jarallax-no wpr-parallax-no wpr-sticky-section-no e-con e-parent\" data-id=\"99a0be3\" data-element_type=\"container\" data-settings=\"{&quot;content_width&quot;:&quot;boxed&quot;}\" data-core-v316-plus=\"true\">\n\t\t\t\t\t<div class=\"e-con-inner\">\n\t\t\t\t<div class=\"elementor-element elementor-element-6d1151a elementor-widget elementor-widget-heading\" data-id=\"6d1151a\" data-element_type=\"widget\" data-widget_type=\"heading.default\">\n\t\t\t\t<div class=\"elementor-widget-container\">\n\t\t\t<style>\/*! elementor - v3.19.0 - 28-02-2024 *\/\n.elementor-heading-title{padding:0;margin:0;line-height:1}.elementor-widget-heading .elementor-heading-title[class*=elementor-size-]>a{color:inherit;font-size:inherit;line-height:inherit}.elementor-widget-heading .elementor-heading-title.elementor-size-small{font-size:15px}.elementor-widget-heading .elementor-heading-title.elementor-size-medium{font-size:19px}.elementor-widget-heading .elementor-heading-title.elementor-size-large{font-size:29px}.elementor-widget-heading .elementor-heading-title.elementor-size-xl{font-size:39px}.elementor-widget-heading .elementor-heading-title.elementor-size-xxl{font-size:59px}<\/style><h2 class=\"elementor-heading-title elementor-size-default\">Hakk\u0131m\u0131zda<\/h2>\t\t<\/div>\n\t\t\t\t<\/div>\n\t\t\t\t\t<\/div>\n\t\t\t\t<\/div>\n\t\t<div class=\"elementor-element elementor-element-5f347a3 e-flex e-con-boxed wpr-particle-no wpr-jarallax-no wpr-parallax-no wpr-sticky-section-no e-con e-parent\" data-id=\"5f347a3\" data-element_type=\"container\" data-settings=\"{&quot;content_width&quot;:&quot;boxed&quot;}\" data-core-v316-plus=\"true\">\n\t\t\t\t\t<div class=\"e-con-inner\">\n\t\t<div class=\"elementor-element elementor-element-c233b21 e-con-full e-flex wpr-particle-no wpr-jarallax-no wpr-parallax-no wpr-sticky-section-no e-con e-child\" data-id=\"c233b21\" data-element_type=\"container\" data-settings=\"{&quot;content_width&quot;:&quot;full&quot;}\">\n\t\t\t\t<div class=\"elementor-element elementor-element-66945de elementor-widget-tablet__width-initial elementor-widget-mobile__width-initial elementor-widget elementor-widget-image\" data-id=\"66945de\" data-element_type=\"widget\" data-widget_type=\"image.default\">\n\t\t\t\t<div class=\"elementor-widget-container\">\n\t\t\t<style>\/*! elementor - v3.19.0 - 28-02-2024 *\/\n.elementor-widget-image{text-align:center}.elementor-widget-image a{display:inline-block}.elementor-widget-image a img[src$=\".svg\"]{width:48px}.elementor-widget-image img{vertical-align:middle;display:inline-block}<\/style>\t\t\t\t\t\t\t\t\t\t<img fetchpriority=\"high\" decoding=\"async\" width=\"244\" height=\"425\" src=\"http:\/\/www.hsosaglik.com.tr\/sistemisitmecihazlari\/wp-content\/uploads\/2024\/02\/hakkimizda-icin.jpg\" class=\"attachment-large size-large wp-image-199\" alt=\"\" \/>\t\t\t\t\t\t\t\t\t\t\t\t\t<\/div>\n\t\t\t\t<\/div>\n\t\t\t\t<\/div>\n\t\t<div class=\"elementor-element elementor-element-afe6549 e-con-full e-flex wpr-particle-no wpr-jarallax-no wpr-parallax-no wpr-sticky-section-no e-con e-child\" data-id=\"afe6549\" data-element_type=\"container\" data-settings=\"{&quot;content_width&quot;:&quot;full&quot;}\">\n\t\t\t\t<div class=\"elementor-element elementor-element-2ed74c0 elementor-widget elementor-widget-text-editor\" data-id=\"2ed74c0\" data-element_type=\"widget\" data-widget_type=\"text-editor.default\">\n\t\t\t\t<div class=\"elementor-widget-container\">\n\t\t\t<style>\/*! elementor - v3.19.0 - 28-02-2024 *\/\n.elementor-widget-text-editor.elementor-drop-cap-view-stacked .elementor-drop-cap{background-color:#69727d;color:#fff}.elementor-widget-text-editor.elementor-drop-cap-view-framed .elementor-drop-cap{color:#69727d;border:3px solid;background-color:transparent}.elementor-widget-text-editor:not(.elementor-drop-cap-view-default) .elementor-drop-cap{margin-top:8px}.elementor-widget-text-editor:not(.elementor-drop-cap-view-default) .elementor-drop-cap-letter{width:1em;height:1em}.elementor-widget-text-editor .elementor-drop-cap{float:left;text-align:center;line-height:1;font-size:50px}.elementor-widget-text-editor .elementor-drop-cap-letter{display:inline-block}<\/style>\t\t\t\t<p>\u201c<b>\u00d6nce Sa\u011fl\u0131k<\/b>\u201d mottosu ve \u201c<b>Duyurmak Bizim \u0130\u015fimiz<\/b>\u201d felsefesi ile kurulan Sistem \u0130\u015fitme Cihazlar\u0131, i\u015fitme kayb\u0131 olan bireylere cihaz uygulamas\u0131n\u0131n en iyi \u015fekilde yap\u0131lmas\u0131 i\u00e7in e\u011fitimli ve uzman kadromuz ile hizmet vermektedir. \u0130\u015fitme sekt\u00f6r\u00fcndeki t\u00fcm bilimsel ve teknolojik geli\u015fmeleri yak\u0131ndan takip edilerek alan\u0131nda uzman kadromuz yard\u0131m\u0131yla i\u015fitme cihaz\u0131na ihtiya\u00e7 duyan herkesin kusursuz i\u015fitme deneyimi bu bilin\u00e7 ile sa\u011flanmaktad\u0131r. Kaliteli, g\u00fcler y\u00fczl\u00fc ve ayn\u0131 \u015fekilde g\u00fcvenilir bir hizmet sunan firmam\u0131z, alan\u0131nda uzman kadromuz arac\u0131l\u0131\u011f\u0131yla i\u015fitme cihaz\u0131 kullan\u0131c\u0131lar\u0131 ile belli periyotlarda ileti\u015fime ge\u00e7erek gerekli de\u011ferlendirmeleri yapmakta ve b\u00f6ylece hizmet kalitemiz s\u00fcrekli geli\u015ftirmektedir. G\u00fcvene dayal\u0131 olarak sa\u011flanan ili\u015fkilerimiz t\u00fcm vatanda\u015flar\u0131m\u0131z ile s\u00fcrd\u00fcr\u00fclmesi gerekli olan en \u00f6nemli amac\u0131m\u0131zd\u0131r.<\/p><p>\u00d6nce Sa\u011fl\u0131k mottosuna sahip olan firmam\u0131z \u201cDuyurmak Bizim \u0130\u015fimiz\u201d felsefesiyle duymama problemlerinin \u00e7\u00f6z\u00fcmleri konusunda insan sa\u011fl\u0131\u011f\u0131na zarar vermeyen g\u00fcvenli ve Sa\u011fl\u0131k Bakanl\u0131\u011f\u0131 onayl\u0131 ithal teknolojilerden yararlanarak en yeni ve teknolojik i\u015fitme cihazlar\u0131n sat\u0131\u015f ve uygulamas\u0131n\u0131 yapmaktad\u0131r. Merkezimizde bulunan kullan\u0131m\u0131 kolay, rahat, neme, suya ve toza kar\u015f\u0131 dayanakl\u0131 gibi \u00f6zelliklere sahip olan pilli veya \u015farjl\u0131, kanal i\u00e7i veya kulak arkas\u0131 t\u00fcm modellerimizi \u0130\u015fitme Cihaz\u0131 Merkezimizde \u00fccretsiz olarak deneyimleyebilirsiniz. Ayr\u0131yeten merkezimiz teknik servis ve sat\u0131\u015f sonras\u0131 yeterlili\u011fi ile en iyi hizmeti sunmaktad\u0131r.<\/p><p>\u0130\u015fletmemiz i\u015fitme cihazlar\u0131 d\u0131\u015f\u0131nda cihazlar i\u00e7in temizlik malzemeleri, koruyucu \u00fcr\u00fcnler ve pillerin temini konusunda etkili \u00e7\u00f6z\u00fcmler sunmaktad\u0131r. Ayr\u0131ca kulak kal\u0131b\u0131, cihaz tamiri, montaj\u0131 ve bak\u0131m\u0131 i\u015flemlerini konular\u0131nda da merkezimiz i\u015finde uzmand\u0131r.<\/p><p>Merkezimizin <b>SGK (SSK)<\/b> ile anla\u015fmas\u0131 vard\u0131r.<span style=\"white-space-collapse: preserve; color: var( --e-global-color-text ); font-family: var( --e-global-typography-text-font-family ), Sans-serif; font-weight: var( --e-global-typography-text-font-weight ); background-color: transparent;\">\u00a0<\/span><\/p>\t\t\t\t\t\t<\/div>\n\t\t\t\t<\/div>\n\t\t\t\t<\/div>\n\t\t\t\t\t<\/div>\n\t\t\t\t<\/div>\n\t\t<div class=\"elementor-element elementor-element-c9f4e3c e-flex e-con-boxed wpr-particle-no wpr-jarallax-no wpr-parallax-no wpr-sticky-section-no e-con e-parent\" data-id=\"c9f4e3c\" data-element_type=\"container\" data-settings=\"{&quot;content_width&quot;:&quot;boxed&quot;}\" data-core-v316-plus=\"true\">\n\t\t\t\t\t<div class=\"e-con-inner\">\n\t\t\t\t<div class=\"elementor-element elementor-element-1a6d167 elementor-widget__width-initial elementor-widget-tablet__width-initial elementor-widget elementor-widget-image\" data-id=\"1a6d167\" data-element_type=\"widget\" data-widget_type=\"image.default\">\n\t\t\t\t<div class=\"elementor-widget-container\">\n\t\t\t\t\t\t\t\t\t\t\t\t\t\t<a href=\"https:\/\/www.sgk.gov.tr\/\">\n\t\t\t\t\t\t\t<img decoding=\"async\" width=\"1024\" height=\"495\" src=\"http:\/\/www.hsosaglik.com.tr\/sistemisitmecihazlari\/wp-content\/uploads\/2024\/02\/T.C._Sosyal_Guvenlik_Kurumu_logo.svg-1024x495.png\" class=\"attachment-large size-large wp-image-209\" alt=\"\" \/>\t\t\t\t\t\t\t\t<\/a>\n\t\t\t\t\t\t\t\t\t\t\t\t\t<\/div>\n\t\t\t\t<\/div>\n\t\t\t\t\t<\/div>\n\t\t\t\t<\/div>\n\t\t\t\t<\/div>\n\t\t","protected":false},"excerpt":{"rendered":"<p>Hakk\u0131m\u0131zda \u201c\u00d6nce Sa\u011fl\u0131k\u201d mottosu ve \u201cDuyurmak Bizim \u0130\u015fimiz\u201d felsefesi ile kurulan Sistem \u0130\u015fitme Cihazlar\u0131, i\u015fitme kayb\u0131 olan bireylere cihaz uygulamas\u0131n\u0131n en iyi \u015fekilde yap\u0131lmas\u0131 i\u00e7in e\u011fitimli ve uzman kadromuz ile hizmet vermektedir. \u0130\u015fitme sekt\u00f6r\u00fcndeki t\u00fcm bilimsel ve teknolojik geli\u015fmeleri yak\u0131ndan takip edilerek alan\u0131nda uzman kadromuz yard\u0131m\u0131yla i\u015fitme cihaz\u0131na ihtiya\u00e7 duyan herkesin kusursuz i\u015fitme deneyimi bu&#8230;<\/p>\n","protected":false},"author":1,"featured_media":0,"parent":0,"menu_order":0,"comment_status":"closed","ping_status":"closed","template":"","meta":{"_kadence_starter_templates_imported_post":false,"_kad_post_transparent":"","_kad_post_title":"hide","_kad_post_layout":"fullwidth","_kad_post_sidebar_id":"","_kad_post_content_style":"unboxed","_kad_post_vertical_padding":"hide","_kad_post_feature":"hide","_kad_post_feature_position":"","_kad_post_header":false,"_kad_post_footer":false,"footnotes":""},"class_list":["post-89","page","type-page","status-publish","hentry"],"rttpg_featured_image_url":null,"rttpg_author":{"display_name":"yetkili","author_link":"http:\/\/www.hsosaglik.com.tr\/sistemisitmecihazlari\/author\/yetkili\/"},"rttpg_comment":0,"rttpg_category":null,"rttpg_excerpt":"Hakk\u0131m\u0131zda \u201c\u00d6nce Sa\u011fl\u0131k\u201d mottosu ve \u201cDuyurmak Bizim \u0130\u015fimiz\u201d felsefesi ile kurulan Sistem \u0130\u015fitme Cihazlar\u0131, i\u015fitme kayb\u0131 olan bireylere cihaz uygulamas\u0131n\u0131n en iyi \u015fekilde yap\u0131lmas\u0131 i\u00e7in e\u011fitimli ve uzman kadromuz ile hizmet vermektedir. \u0130\u015fitme sekt\u00f6r\u00fcndeki t\u00fcm bilimsel ve teknolojik geli\u015fmeleri yak\u0131ndan takip edilerek alan\u0131nda uzman kadromuz yard\u0131m\u0131yla i\u015fitme cihaz\u0131na ihtiya\u00e7 duyan herkesin kusursuz i\u015fitme deneyimi bu...","_links":{"self":[{"href":"http:\/\/www.hsosaglik.com.tr\/sistemisitmecihazlari\/wp-json\/wp\/v2\/pages\/89","targetHints":{"allow":["GET"]}}],"collection":[{"href":"http:\/\/www.hsosaglik.com.tr\/sistemisitmecihazlari\/wp-json\/wp\/v2\/pages"}],"about":[{"href":"http:\/\/www.hsosaglik.com.tr\/sistemisitmecihazlari\/wp-json\/wp\/v2\/types\/page"}],"author":[{"embeddable":true,"href":"http:\/\/www.hsosaglik.com.tr\/sistemisitmecihazlari\/wp-json\/wp\/v2\/users\/1"}],"replies":[{"embeddable":true,"href":"http:\/\/www.hsosaglik.com.tr\/sistemisitmecihazlari\/wp-json\/wp\/v2\/comments?post=89"}],"version-history":[{"count":58,"href":"http:\/\/www.hsosaglik.com.tr\/sistemisitmecihazlari\/wp-json\/wp\/v2\/pages\/89\/revisions"}],"predecessor-version":[{"id":855,"href":"http:\/\/www.hsosaglik.com.tr\/sistemisitmecihazlari\/wp-json\/wp\/v2\/pages\/89\/revisions\/855"}],"wp:attachment":[{"href":"http:\/\/www.hsosaglik.com.tr\/sistemisitmecihazlari\/wp-json\/wp\/v2\/media?parent=89"}],"curies":[{"name":"wp","href":"https:\/\/api.w.org\/{rel}","templated":true}]}}